{"id":3832,"date":"2025-03-17T09:57:51","date_gmt":"2025-03-17T08:57:51","guid":{"rendered":"https:\/\/lespaniersdecha.fr\/?post_type=product&#038;p=3832"},"modified":"2025-12-04T08:43:56","modified_gmt":"2025-12-04T07:43:56","slug":"pot-dosier-vivant-boule-en-osier-croisee","status":"publish","type":"product","link":"https:\/\/lespaniersdecha.fr\/index.php\/produit\/pot-dosier-vivant-boule-en-osier-croisee\/","title":{"rendered":"pot d&rsquo;osier vivant : boule en osier crois\u00e9e"},"content":{"rendered":"<p>Boule en osier crois\u00e9e, qui reprendra vie d\u00e8s le mois d&rsquo;avril, la tour s&rsquo;habillera de belles feuilles vertes jusqu&rsquo;\u00e0 l&rsquo;automne.<\/p>\n<p>La boule se garde en pot exposition mi ombre, ou en pleine terre, en plein soleil.<\/p>\n<p>L&rsquo;osier (pousse de l&rsquo;ann\u00e9e du saule) aime beaucoup l&rsquo;eau, et supporte sans probl\u00e8me le froid et le gel.<\/p>\n<p>dimension 50 cm de haut, 30 cm de diam\u00e8tre<\/p>\n<p>A venir chercher sur place \u00e0 mon atelier, ou aux diff\u00e9rents march\u00e9s de printemps (voir les dates \u00e0 la rubrique agenda)<\/p>\n<p>Produit disponible \u00e0 partir du printemps jusqu\u2019\u00e0 \u00e9puisement des stocks<\/p>\n","protected":false},"excerpt":{"rendered":"<p>Boule en osier crois\u00e9e, qui reprendra vie d\u00e8s le mois d&rsquo;avril, la tour s&rsquo;habillera de belles feuilles vertes jusqu&rsquo;\u00e0 l&rsquo;automne.<\/p>\n<p>La boule se garde en pot exposition mi ombre, ou en pleine terre, en plein soleil.<\/p>\n<p>L&rsquo;osier (pousse de l&rsquo;ann\u00e9e du saule) aime beaucoup l&rsquo;eau, et supporte sans probl\u00e8me le froid et le gel.<\/p>\n<p>dimension 50 cm de haut, 30 cm de diam\u00e8tre<\/p>\n<p>A venir chercher sur place \u00e0 mon atelier, ou aux diff\u00e9rents march\u00e9s de printemps (voir les dates \u00e0 la rubrique agenda)<\/p>\n<p>&nbsp;<\/p>\n","protected":false},"featured_media":3836,"template":"","meta":{"site-sidebar-layout":"default","site-content-layout":"","ast-site-content-layout":"default","site-content-style":"default","site-sidebar-style":"default","ast-global-header-display":"","ast-banner-title-visibility":"","ast-main-header-display":"","ast-hfb-above-header-display":"","ast-hfb-below-header-display":"","ast-hfb-mobile-header-display":"","site-post-title":"","ast-breadcrumbs-content":"","ast-featured-img":"","footer-sml-layout":"","theme-transparent-header-meta":"default","adv-header-id-meta":"","stick-header-meta":"","header-above-stick-meta":"","header-main-stick-meta":"","header-below-stick-meta":"","astra-migrate-meta-layouts":"set","ast-page-background-enabled":"default","ast-page-background-meta":{"desktop":{"background-color":"var(--ast-global-color-4)","background-image":"","background-repeat":"repeat","background-position":"center center","background-size":"auto","background-attachment":"scroll","background-type":"","background-media":"","overlay-type":"","overlay-color":"","overlay-opacity":"","overlay-gradient":""},"tablet":{"background-color":"","background-image":"","background-repeat":"repeat","background-position":"center center","background-size":"auto","background-attachment":"scroll","background-type":"","background-media":"","overlay-type":"","overlay-color":"","overlay-opacity":"","overlay-gradient":""},"mobile":{"background-color":"","background-image":"","background-repeat":"repeat","background-position":"center center","background-size":"auto","background-attachment":"scroll","background-type":"","background-media":"","overlay-type":"","overlay-color":"","overlay-opacity":"","overlay-gradient":""}},"ast-content-background-meta":{"desktop":{"background-color":"var(--ast-global-color-5)","background-image":"","background-repeat":"repeat","background-position":"center center","background-size":"auto","background-attachment":"scroll","background-type":"","background-media":"","overlay-type":"","overlay-color":"","overlay-opacity":"","overlay-gradient":""},"tablet":{"background-color":"var(--ast-global-color-5)","background-image":"","background-repeat":"repeat","background-position":"center center","background-size":"auto","background-attachment":"scroll","background-type":"","background-media":"","overlay-type":"","overlay-color":"","overlay-opacity":"","overlay-gradient":""},"mobile":{"background-color":"var(--ast-global-color-5)","background-image":"","background-repeat":"repeat","background-position":"center center","background-size":"auto","background-attachment":"scroll","background-type":"","background-media":"","overlay-type":"","overlay-color":"","overlay-opacity":"","overlay-gradient":""}}},"product_brand":[],"product_cat":[57],"product_tag":[56],"class_list":{"0":"post-3832","1":"product","2":"type-product","3":"status-publish","4":"has-post-thumbnail","6":"product_cat-osier-vivant","7":"product_tag-osier-vivant","8":"desktop-align-center","9":"tablet-align-left","10":"mobile-align-left","12":"first","13":"outofstock","14":"shipping-taxable","15":"purchasable","16":"product-type-simple"},"yoast_head":"<!-- This site is optimized with the Yoast SEO plugin v23.3 - https:\/\/yoast.com\/wordpress\/plugins\/seo\/ -->\n<title>pot d&#039;osier vivant : boule en osier crois\u00e9e - Les Paniers de Cha<\/title>\n<meta name=\"description\" content=\"pot d&#039;osier vivant : boule en osier crois\u00e9e - Les Paniers de Cha\" \/>\n<meta name=\"robots\" content=\"index, follow, max-snippet:-1, max-image-preview:large, max-video-preview:-1\" \/>\n<link rel=\"canonical\" href=\"https:\/\/lespaniersdecha.fr\/index.php\/produit\/pot-dosier-vivant-boule-en-osier-croisee\/\" \/>\n<meta property=\"og:locale\" content=\"fr_FR\" \/>\n<meta property=\"og:type\" content=\"article\" \/>\n<meta property=\"og:title\" content=\"pot d&#039;osier vivant : boule en osier crois\u00e9e - Les Paniers de Cha\" \/>\n<meta property=\"og:description\" content=\"pot d&#039;osier vivant : boule en osier crois\u00e9e - Les Paniers de Cha\" \/>\n<meta property=\"og:url\" content=\"https:\/\/lespaniersdecha.fr\/index.php\/produit\/pot-dosier-vivant-boule-en-osier-croisee\/\" \/>\n<meta property=\"og:site_name\" content=\"Les Paniers de Cha\" \/>\n<meta property=\"article:publisher\" content=\"https:\/\/www.facebook.com\/p\/Les-Paniers-de-Cha-100063830760896\/\" \/>\n<meta property=\"article:modified_time\" content=\"2025-12-04T07:43:56+00:00\" \/>\n<meta property=\"og:image\" content=\"http:\/\/lespaniersdecha.fr\/wp-content\/uploads\/2025\/03\/IMG_20250306_130806-1-scaled.jpg\" \/>\n\t<meta property=\"og:image:width\" content=\"1920\" \/>\n\t<meta property=\"og:image:height\" content=\"2560\" \/>\n\t<meta property=\"og:image:type\" content=\"image\/jpeg\" \/>\n<meta name=\"twitter:card\" content=\"summary_large_image\" \/>\n<meta name=\"twitter:label1\" content=\"Dur\u00e9e de lecture estim\u00e9e\" \/>\n\t<meta name=\"twitter:data1\" content=\"1 minute\" \/>\n<script type=\"application\/ld+json\" class=\"yoast-schema-graph\">{\"@context\":\"https:\/\/schema.org\",\"@graph\":[{\"@type\":\"WebPage\",\"@id\":\"https:\/\/lespaniersdecha.fr\/index.php\/produit\/pot-dosier-vivant-boule-en-osier-croisee\/\",\"url\":\"https:\/\/lespaniersdecha.fr\/index.php\/produit\/pot-dosier-vivant-boule-en-osier-croisee\/\",\"name\":\"pot d'osier vivant : boule en osier crois\u00e9e - Les Paniers de Cha\",\"isPartOf\":{\"@id\":\"https:\/\/lespaniersdecha.fr\/#website\"},\"primaryImageOfPage\":{\"@id\":\"https:\/\/lespaniersdecha.fr\/index.php\/produit\/pot-dosier-vivant-boule-en-osier-croisee\/#primaryimage\"},\"image\":{\"@id\":\"https:\/\/lespaniersdecha.fr\/index.php\/produit\/pot-dosier-vivant-boule-en-osier-croisee\/#primaryimage\"},\"thumbnailUrl\":\"https:\/\/lespaniersdecha.fr\/wp-content\/uploads\/2025\/03\/IMG_20250306_130806-1-scaled.jpg\",\"datePublished\":\"2025-03-17T08:57:51+00:00\",\"dateModified\":\"2025-12-04T07:43:56+00:00\",\"description\":\"pot d'osier vivant : boule en osier crois\u00e9e - Les Paniers de Cha\",\"breadcrumb\":{\"@id\":\"https:\/\/lespaniersdecha.fr\/index.php\/produit\/pot-dosier-vivant-boule-en-osier-croisee\/#breadcrumb\"},\"inLanguage\":\"fr-FR\",\"potentialAction\":[{\"@type\":\"ReadAction\",\"target\":[\"https:\/\/lespaniersdecha.fr\/index.php\/produit\/pot-dosier-vivant-boule-en-osier-croisee\/\"]}]},{\"@type\":\"ImageObject\",\"inLanguage\":\"fr-FR\",\"@id\":\"https:\/\/lespaniersdecha.fr\/index.php\/produit\/pot-dosier-vivant-boule-en-osier-croisee\/#primaryimage\",\"url\":\"https:\/\/lespaniersdecha.fr\/wp-content\/uploads\/2025\/03\/IMG_20250306_130806-1-scaled.jpg\",\"contentUrl\":\"https:\/\/lespaniersdecha.fr\/wp-content\/uploads\/2025\/03\/IMG_20250306_130806-1-scaled.jpg\",\"width\":1920,\"height\":2560,\"caption\":\"boule en osier croboule en osier vivant crois\u00e9eis\u00e9e\"},{\"@type\":\"BreadcrumbList\",\"@id\":\"https:\/\/lespaniersdecha.fr\/index.php\/produit\/pot-dosier-vivant-boule-en-osier-croisee\/#breadcrumb\",\"itemListElement\":[{\"@type\":\"ListItem\",\"position\":1,\"name\":\"Accueil\",\"item\":\"https:\/\/lespaniersdecha.fr\/\"},{\"@type\":\"ListItem\",\"position\":2,\"name\":\"Boutique\",\"item\":\"https:\/\/lespaniersdecha.fr\/index.php\/boutique\/\"},{\"@type\":\"ListItem\",\"position\":3,\"name\":\"pot d&rsquo;osier vivant : boule en osier crois\u00e9e\"}]},{\"@type\":\"WebSite\",\"@id\":\"https:\/\/lespaniersdecha.fr\/#website\",\"url\":\"https:\/\/lespaniersdecha.fr\/\",\"name\":\"Les Paniers de Cha\",\"description\":\"Les Paniers de Cha - vannerie artisanale, traditionnelle et contemporaine, stage et ateliers\",\"potentialAction\":[{\"@type\":\"SearchAction\",\"target\":{\"@type\":\"EntryPoint\",\"urlTemplate\":\"https:\/\/lespaniersdecha.fr\/?s={search_term_string}\"},\"query-input\":\"required name=search_term_string\"}],\"inLanguage\":\"fr-FR\"}]}<\/script>\n<!-- \/ Yoast SEO plugin. -->","yoast_head_json":{"title":"pot d'osier vivant : boule en osier crois\u00e9e - Les Paniers de Cha","description":"pot d'osier vivant : boule en osier crois\u00e9e - Les Paniers de Cha","robots":{"index":"index","follow":"follow","max-snippet":"max-snippet:-1","max-image-preview":"max-image-preview:large","max-video-preview":"max-video-preview:-1"},"canonical":"https:\/\/lespaniersdecha.fr\/index.php\/produit\/pot-dosier-vivant-boule-en-osier-croisee\/","og_locale":"fr_FR","og_type":"article","og_title":"pot d'osier vivant : boule en osier crois\u00e9e - Les Paniers de Cha","og_description":"pot d'osier vivant : boule en osier crois\u00e9e - Les Paniers de Cha","og_url":"https:\/\/lespaniersdecha.fr\/index.php\/produit\/pot-dosier-vivant-boule-en-osier-croisee\/","og_site_name":"Les Paniers de Cha","article_publisher":"https:\/\/www.facebook.com\/p\/Les-Paniers-de-Cha-100063830760896\/","article_modified_time":"2025-12-04T07:43:56+00:00","og_image":[{"width":1920,"height":2560,"url":"http:\/\/lespaniersdecha.fr\/wp-content\/uploads\/2025\/03\/IMG_20250306_130806-1-scaled.jpg","type":"image\/jpeg"}],"twitter_card":"summary_large_image","twitter_misc":{"Dur\u00e9e de lecture estim\u00e9e":"1 minute"},"schema":{"@context":"https:\/\/schema.org","@graph":[{"@type":"WebPage","@id":"https:\/\/lespaniersdecha.fr\/index.php\/produit\/pot-dosier-vivant-boule-en-osier-croisee\/","url":"https:\/\/lespaniersdecha.fr\/index.php\/produit\/pot-dosier-vivant-boule-en-osier-croisee\/","name":"pot d'osier vivant : boule en osier crois\u00e9e - Les Paniers de Cha","isPartOf":{"@id":"https:\/\/lespaniersdecha.fr\/#website"},"primaryImageOfPage":{"@id":"https:\/\/lespaniersdecha.fr\/index.php\/produit\/pot-dosier-vivant-boule-en-osier-croisee\/#primaryimage"},"image":{"@id":"https:\/\/lespaniersdecha.fr\/index.php\/produit\/pot-dosier-vivant-boule-en-osier-croisee\/#primaryimage"},"thumbnailUrl":"https:\/\/lespaniersdecha.fr\/wp-content\/uploads\/2025\/03\/IMG_20250306_130806-1-scaled.jpg","datePublished":"2025-03-17T08:57:51+00:00","dateModified":"2025-12-04T07:43:56+00:00","description":"pot d'osier vivant : boule en osier crois\u00e9e - Les Paniers de Cha","breadcrumb":{"@id":"https:\/\/lespaniersdecha.fr\/index.php\/produit\/pot-dosier-vivant-boule-en-osier-croisee\/#breadcrumb"},"inLanguage":"fr-FR","potentialAction":[{"@type":"ReadAction","target":["https:\/\/lespaniersdecha.fr\/index.php\/produit\/pot-dosier-vivant-boule-en-osier-croisee\/"]}]},{"@type":"ImageObject","inLanguage":"fr-FR","@id":"https:\/\/lespaniersdecha.fr\/index.php\/produit\/pot-dosier-vivant-boule-en-osier-croisee\/#primaryimage","url":"https:\/\/lespaniersdecha.fr\/wp-content\/uploads\/2025\/03\/IMG_20250306_130806-1-scaled.jpg","contentUrl":"https:\/\/lespaniersdecha.fr\/wp-content\/uploads\/2025\/03\/IMG_20250306_130806-1-scaled.jpg","width":1920,"height":2560,"caption":"boule en osier croboule en osier vivant crois\u00e9eis\u00e9e"},{"@type":"BreadcrumbList","@id":"https:\/\/lespaniersdecha.fr\/index.php\/produit\/pot-dosier-vivant-boule-en-osier-croisee\/#breadcrumb","itemListElement":[{"@type":"ListItem","position":1,"name":"Accueil","item":"https:\/\/lespaniersdecha.fr\/"},{"@type":"ListItem","position":2,"name":"Boutique","item":"https:\/\/lespaniersdecha.fr\/index.php\/boutique\/"},{"@type":"ListItem","position":3,"name":"pot d&rsquo;osier vivant : boule en osier crois\u00e9e"}]},{"@type":"WebSite","@id":"https:\/\/lespaniersdecha.fr\/#website","url":"https:\/\/lespaniersdecha.fr\/","name":"Les Paniers de Cha","description":"Les Paniers de Cha - vannerie artisanale, traditionnelle et contemporaine, stage et ateliers","potentialAction":[{"@type":"SearchAction","target":{"@type":"EntryPoint","urlTemplate":"https:\/\/lespaniersdecha.fr\/?s={search_term_string}"},"query-input":"required name=search_term_string"}],"inLanguage":"fr-FR"}]}},"jetpack_sharing_enabled":true,"_links":{"self":[{"href":"https:\/\/lespaniersdecha.fr\/index.php\/wp-json\/wp\/v2\/product\/3832","targetHints":{"allow":["GET"]}}],"collection":[{"href":"https:\/\/lespaniersdecha.fr\/index.php\/wp-json\/wp\/v2\/product"}],"about":[{"href":"https:\/\/lespaniersdecha.fr\/index.php\/wp-json\/wp\/v2\/types\/product"}],"wp:featuredmedia":[{"embeddable":true,"href":"https:\/\/lespaniersdecha.fr\/index.php\/wp-json\/wp\/v2\/media\/3836"}],"wp:attachment":[{"href":"https:\/\/lespaniersdecha.fr\/index.php\/wp-json\/wp\/v2\/media?parent=3832"}],"wp:term":[{"taxonomy":"product_brand","embeddable":true,"href":"https:\/\/lespaniersdecha.fr\/index.php\/wp-json\/wp\/v2\/product_brand?post=3832"},{"taxonomy":"product_cat","embeddable":true,"href":"https:\/\/lespaniersdecha.fr\/index.php\/wp-json\/wp\/v2\/product_cat?post=3832"},{"taxonomy":"product_tag","embeddable":true,"href":"https:\/\/lespaniersdecha.fr\/index.php\/wp-json\/wp\/v2\/product_tag?post=3832"}],"curies":[{"name":"wp","href":"https:\/\/api.w.org\/{rel}","templated":true}]}}