{"id":3435,"date":"2024-10-25T17:32:23","date_gmt":"2024-10-25T15:32:23","guid":{"rendered":"https:\/\/lespaniersdecha.fr\/?post_type=product&#038;p=3435"},"modified":"2025-12-24T11:11:52","modified_gmt":"2025-12-24T10:11:52","slug":"bon-cadeau-100e","status":"publish","type":"product","link":"https:\/\/lespaniersdecha.fr\/index.php\/produit\/bon-cadeau-100e\/","title":{"rendered":"Carte cadeau"},"content":{"rendered":"<p data-start=\"90\" data-end=\"394\">La carte cadeau est id\u00e9ale pour toutes les occasions et saura faire plaisir \u00e0 vos proches. Elle est valable pendant 2 ans, peut \u00eatre utilis\u00e9e en plusieurs fois et permet l\u2019achat d\u2019un objet en vannerie ou la participation \u00e0 un stage (le tarif d\u2019un stage varie de 45 \u20ac \u00e0 200 \u20ac selon sa dur\u00e9e et l\u2019objet r\u00e9alis\u00e9).<\/p>\n<p data-start=\"396\" data-end=\"618\">L\u2019ensemble des stages programm\u00e9s est disponible sur la page Agenda. Si vous souhaitez recevoir les dates au fur et \u00e0 mesure de leur programmation, vous pouvez vous inscrire \u00e0 la newsletter mensuelle depuis la page Contact.<\/p>\n<p data-start=\"396\" data-end=\"618\">Toute inscription \u00e0 un stage se fait par mail ou t\u00e9l\u00e9phone.<\/p>\n<p data-start=\"620\" data-end=\"773\">Lors de votre commande, merci de pr\u00e9ciser le nom du b\u00e9n\u00e9ficiaire ainsi que celui de la personne offrant le bon cadeau, afin qu\u2019ils figurent sur la carte.<\/p>\n<p data-start=\"775\" data-end=\"935\">Sur demande, le bon cadeau peut \u00eatre envoy\u00e9 en format PDF par mail (merci de le pr\u00e9ciser lors de la commande et de s\u00e9lectionner \u00ab retrait en point de vente \u00bb).<\/p>\n<p data-start=\"937\" data-end=\"993\">Pour un montant diff\u00e9rent, n\u2019h\u00e9sitez pas \u00e0 me contacter.<\/p>\n","protected":false},"excerpt":{"rendered":"<p data-start=\"90\" data-end=\"394\">La carte cadeau est id\u00e9ale pour toutes les occasions et saura faire plaisir \u00e0 vos proches. Elle est valable pendant 2 ans, peut \u00eatre utilis\u00e9e en plusieurs fois et permet l\u2019achat d\u2019un objet en vannerie ou la participation \u00e0 un stage (le tarif d\u2019un stage varie de 45 \u20ac \u00e0 200 \u20ac selon sa dur\u00e9e et l\u2019objet r\u00e9alis\u00e9).<\/p>\n<p data-start=\"396\" data-end=\"618\">L\u2019ensemble des stages programm\u00e9s est disponible sur la page Agenda. Si vous souhaitez recevoir les dates au fur et \u00e0 mesure de leur programmation, vous pouvez vous inscrire \u00e0 la newsletter mensuelle depuis la page Contact.<\/p>\n<p data-start=\"396\" data-end=\"618\">Toute inscription \u00e0 un stage se fait par mail ou t\u00e9l\u00e9phone.<\/p>\n<p data-start=\"620\" data-end=\"773\">Lors de votre commande, merci de pr\u00e9ciser le nom du b\u00e9n\u00e9ficiaire ainsi que celui de la personne offrant le bon cadeau, afin qu\u2019ils figurent sur la carte.<\/p>\n<p data-start=\"775\" data-end=\"935\">Sur demande, le bon cadeau peut \u00eatre envoy\u00e9 en format PDF par mail (merci de le pr\u00e9ciser lors de la commande et de s\u00e9lectionner \u00ab retrait en point de vente \u00bb).<\/p>\n<p data-start=\"937\" data-end=\"993\">Pour un montant diff\u00e9rent, n\u2019h\u00e9sitez pas \u00e0 me contacter.<\/p>\n<p>&nbsp;<\/p>\n<p>&nbsp;<\/p>\n","protected":false},"featured_media":3433,"template":"","meta":{"site-sidebar-layout":"default","site-content-layout":"","ast-site-content-layout":"default","site-content-style":"default","site-sidebar-style":"default","ast-global-header-display":"","ast-banner-title-visibility":"","ast-main-header-display":"","ast-hfb-above-header-display":"","ast-hfb-below-header-display":"","ast-hfb-mobile-header-display":"","site-post-title":"","ast-breadcrumbs-content":"","ast-featured-img":"","footer-sml-layout":"","theme-transparent-header-meta":"default","adv-header-id-meta":"","stick-header-meta":"","header-above-stick-meta":"","header-main-stick-meta":"","header-below-stick-meta":"","astra-migrate-meta-layouts":"set","ast-page-background-enabled":"default","ast-page-background-meta":{"desktop":{"background-color":"var(--ast-global-color-4)","background-image":"","background-repeat":"repeat","background-position":"center center","background-size":"auto","background-attachment":"scroll","background-type":"","background-media":"","overlay-type":"","overlay-color":"","overlay-opacity":"","overlay-gradient":""},"tablet":{"background-color":"","background-image":"","background-repeat":"repeat","background-position":"center center","background-size":"auto","background-attachment":"scroll","background-type":"","background-media":"","overlay-type":"","overlay-color":"","overlay-opacity":"","overlay-gradient":""},"mobile":{"background-color":"","background-image":"","background-repeat":"repeat","background-position":"center center","background-size":"auto","background-attachment":"scroll","background-type":"","background-media":"","overlay-type":"","overlay-color":"","overlay-opacity":"","overlay-gradient":""}},"ast-content-background-meta":{"desktop":{"background-color":"var(--ast-global-color-5)","background-image":"","background-repeat":"repeat","background-position":"center center","background-size":"auto","background-attachment":"scroll","background-type":"","background-media":"","overlay-type":"","overlay-color":"","overlay-opacity":"","overlay-gradient":""},"tablet":{"background-color":"var(--ast-global-color-5)","background-image":"","background-repeat":"repeat","background-position":"center center","background-size":"auto","background-attachment":"scroll","background-type":"","background-media":"","overlay-type":"","overlay-color":"","overlay-opacity":"","overlay-gradient":""},"mobile":{"background-color":"var(--ast-global-color-5)","background-image":"","background-repeat":"repeat","background-position":"center center","background-size":"auto","background-attachment":"scroll","background-type":"","background-media":"","overlay-type":"","overlay-color":"","overlay-opacity":"","overlay-gradient":""}}},"product_brand":[],"product_cat":[52],"product_tag":[46,37,45,49],"class_list":{"0":"post-3435","1":"product","2":"type-product","3":"status-publish","4":"has-post-thumbnail","6":"product_cat-carte-cadeau","7":"product_tag-panier-a-bois","8":"product_tag-panier-a-champignon","9":"product_tag-panier-a-linge","10":"product_tag-panier-a-provision","11":"product_shipping_class-bon-cadeau","12":"desktop-align-center","13":"tablet-align-left","14":"mobile-align-left","16":"first","17":"instock","18":"shipping-taxable","19":"purchasable","20":"product-type-variable"},"yoast_head":"<!-- This site is optimized with the Yoast SEO plugin v23.3 - https:\/\/yoast.com\/wordpress\/plugins\/seo\/ -->\n<title>Carte cadeau - Les Paniers de Cha<\/title>\n<meta name=\"description\" content=\"Carte cadeau - Les Paniers de Cha\" \/>\n<meta name=\"robots\" content=\"index, follow, max-snippet:-1, max-image-preview:large, max-video-preview:-1\" \/>\n<link rel=\"canonical\" href=\"https:\/\/lespaniersdecha.fr\/index.php\/produit\/bon-cadeau-100e\/\" \/>\n<meta property=\"og:locale\" content=\"fr_FR\" \/>\n<meta property=\"og:type\" content=\"article\" \/>\n<meta property=\"og:title\" content=\"Carte cadeau - Les Paniers de Cha\" \/>\n<meta property=\"og:description\" content=\"Carte cadeau - Les Paniers de Cha\" \/>\n<meta property=\"og:url\" content=\"https:\/\/lespaniersdecha.fr\/index.php\/produit\/bon-cadeau-100e\/\" \/>\n<meta property=\"og:site_name\" content=\"Les Paniers de Cha\" \/>\n<meta property=\"article:publisher\" content=\"https:\/\/www.facebook.com\/p\/Les-Paniers-de-Cha-100063830760896\/\" \/>\n<meta property=\"article:modified_time\" content=\"2025-12-24T10:11:52+00:00\" \/>\n<meta property=\"og:image\" content=\"http:\/\/lespaniersdecha.fr\/wp-content\/uploads\/2024\/10\/Bon-cadeau-pour.1-1024x726.png\" \/>\n\t<meta property=\"og:image:width\" content=\"1024\" \/>\n\t<meta property=\"og:image:height\" content=\"726\" \/>\n\t<meta property=\"og:image:type\" content=\"image\/png\" \/>\n<meta name=\"twitter:card\" content=\"summary_large_image\" \/>\n<meta name=\"twitter:label1\" content=\"Dur\u00e9e de lecture estim\u00e9e\" \/>\n\t<meta name=\"twitter:data1\" content=\"2 minutes\" \/>\n<script type=\"application\/ld+json\" class=\"yoast-schema-graph\">{\"@context\":\"https:\/\/schema.org\",\"@graph\":[{\"@type\":\"WebPage\",\"@id\":\"https:\/\/lespaniersdecha.fr\/index.php\/produit\/bon-cadeau-100e\/\",\"url\":\"https:\/\/lespaniersdecha.fr\/index.php\/produit\/bon-cadeau-100e\/\",\"name\":\"Carte cadeau - Les Paniers de Cha\",\"isPartOf\":{\"@id\":\"https:\/\/lespaniersdecha.fr\/#website\"},\"primaryImageOfPage\":{\"@id\":\"https:\/\/lespaniersdecha.fr\/index.php\/produit\/bon-cadeau-100e\/#primaryimage\"},\"image\":{\"@id\":\"https:\/\/lespaniersdecha.fr\/index.php\/produit\/bon-cadeau-100e\/#primaryimage\"},\"thumbnailUrl\":\"https:\/\/lespaniersdecha.fr\/wp-content\/uploads\/2024\/10\/Bon-cadeau-pour.1.png\",\"datePublished\":\"2024-10-25T15:32:23+00:00\",\"dateModified\":\"2025-12-24T10:11:52+00:00\",\"description\":\"Carte cadeau - Les Paniers de Cha\",\"breadcrumb\":{\"@id\":\"https:\/\/lespaniersdecha.fr\/index.php\/produit\/bon-cadeau-100e\/#breadcrumb\"},\"inLanguage\":\"fr-FR\",\"potentialAction\":[{\"@type\":\"ReadAction\",\"target\":[\"https:\/\/lespaniersdecha.fr\/index.php\/produit\/bon-cadeau-100e\/\"]}]},{\"@type\":\"ImageObject\",\"inLanguage\":\"fr-FR\",\"@id\":\"https:\/\/lespaniersdecha.fr\/index.php\/produit\/bon-cadeau-100e\/#primaryimage\",\"url\":\"https:\/\/lespaniersdecha.fr\/wp-content\/uploads\/2024\/10\/Bon-cadeau-pour.1.png\",\"contentUrl\":\"https:\/\/lespaniersdecha.fr\/wp-content\/uploads\/2024\/10\/Bon-cadeau-pour.1.png\",\"width\":1748,\"height\":1240,\"caption\":\"Bon cadeau pour...(1)\"},{\"@type\":\"BreadcrumbList\",\"@id\":\"https:\/\/lespaniersdecha.fr\/index.php\/produit\/bon-cadeau-100e\/#breadcrumb\",\"itemListElement\":[{\"@type\":\"ListItem\",\"position\":1,\"name\":\"Accueil\",\"item\":\"https:\/\/lespaniersdecha.fr\/\"},{\"@type\":\"ListItem\",\"position\":2,\"name\":\"Boutique\",\"item\":\"https:\/\/lespaniersdecha.fr\/index.php\/boutique\/\"},{\"@type\":\"ListItem\",\"position\":3,\"name\":\"Carte cadeau\"}]},{\"@type\":\"WebSite\",\"@id\":\"https:\/\/lespaniersdecha.fr\/#website\",\"url\":\"https:\/\/lespaniersdecha.fr\/\",\"name\":\"Les Paniers de Cha\",\"description\":\"Les Paniers de Cha - vannerie artisanale, traditionnelle et contemporaine, stage et ateliers\",\"potentialAction\":[{\"@type\":\"SearchAction\",\"target\":{\"@type\":\"EntryPoint\",\"urlTemplate\":\"https:\/\/lespaniersdecha.fr\/?s={search_term_string}\"},\"query-input\":\"required name=search_term_string\"}],\"inLanguage\":\"fr-FR\"}]}<\/script>\n<!-- \/ Yoast SEO plugin. -->","yoast_head_json":{"title":"Carte cadeau - Les Paniers de Cha","description":"Carte cadeau - Les Paniers de Cha","robots":{"index":"index","follow":"follow","max-snippet":"max-snippet:-1","max-image-preview":"max-image-preview:large","max-video-preview":"max-video-preview:-1"},"canonical":"https:\/\/lespaniersdecha.fr\/index.php\/produit\/bon-cadeau-100e\/","og_locale":"fr_FR","og_type":"article","og_title":"Carte cadeau - Les Paniers de Cha","og_description":"Carte cadeau - Les Paniers de Cha","og_url":"https:\/\/lespaniersdecha.fr\/index.php\/produit\/bon-cadeau-100e\/","og_site_name":"Les Paniers de Cha","article_publisher":"https:\/\/www.facebook.com\/p\/Les-Paniers-de-Cha-100063830760896\/","article_modified_time":"2025-12-24T10:11:52+00:00","og_image":[{"width":1024,"height":726,"url":"http:\/\/lespaniersdecha.fr\/wp-content\/uploads\/2024\/10\/Bon-cadeau-pour.1-1024x726.png","type":"image\/png"}],"twitter_card":"summary_large_image","twitter_misc":{"Dur\u00e9e de lecture estim\u00e9e":"2 minutes"},"schema":{"@context":"https:\/\/schema.org","@graph":[{"@type":"WebPage","@id":"https:\/\/lespaniersdecha.fr\/index.php\/produit\/bon-cadeau-100e\/","url":"https:\/\/lespaniersdecha.fr\/index.php\/produit\/bon-cadeau-100e\/","name":"Carte cadeau - Les Paniers de Cha","isPartOf":{"@id":"https:\/\/lespaniersdecha.fr\/#website"},"primaryImageOfPage":{"@id":"https:\/\/lespaniersdecha.fr\/index.php\/produit\/bon-cadeau-100e\/#primaryimage"},"image":{"@id":"https:\/\/lespaniersdecha.fr\/index.php\/produit\/bon-cadeau-100e\/#primaryimage"},"thumbnailUrl":"https:\/\/lespaniersdecha.fr\/wp-content\/uploads\/2024\/10\/Bon-cadeau-pour.1.png","datePublished":"2024-10-25T15:32:23+00:00","dateModified":"2025-12-24T10:11:52+00:00","description":"Carte cadeau - Les Paniers de Cha","breadcrumb":{"@id":"https:\/\/lespaniersdecha.fr\/index.php\/produit\/bon-cadeau-100e\/#breadcrumb"},"inLanguage":"fr-FR","potentialAction":[{"@type":"ReadAction","target":["https:\/\/lespaniersdecha.fr\/index.php\/produit\/bon-cadeau-100e\/"]}]},{"@type":"ImageObject","inLanguage":"fr-FR","@id":"https:\/\/lespaniersdecha.fr\/index.php\/produit\/bon-cadeau-100e\/#primaryimage","url":"https:\/\/lespaniersdecha.fr\/wp-content\/uploads\/2024\/10\/Bon-cadeau-pour.1.png","contentUrl":"https:\/\/lespaniersdecha.fr\/wp-content\/uploads\/2024\/10\/Bon-cadeau-pour.1.png","width":1748,"height":1240,"caption":"Bon cadeau pour...(1)"},{"@type":"BreadcrumbList","@id":"https:\/\/lespaniersdecha.fr\/index.php\/produit\/bon-cadeau-100e\/#breadcrumb","itemListElement":[{"@type":"ListItem","position":1,"name":"Accueil","item":"https:\/\/lespaniersdecha.fr\/"},{"@type":"ListItem","position":2,"name":"Boutique","item":"https:\/\/lespaniersdecha.fr\/index.php\/boutique\/"},{"@type":"ListItem","position":3,"name":"Carte cadeau"}]},{"@type":"WebSite","@id":"https:\/\/lespaniersdecha.fr\/#website","url":"https:\/\/lespaniersdecha.fr\/","name":"Les Paniers de Cha","description":"Les Paniers de Cha - vannerie artisanale, traditionnelle et contemporaine, stage et ateliers","potentialAction":[{"@type":"SearchAction","target":{"@type":"EntryPoint","urlTemplate":"https:\/\/lespaniersdecha.fr\/?s={search_term_string}"},"query-input":"required name=search_term_string"}],"inLanguage":"fr-FR"}]}},"jetpack_sharing_enabled":true,"_links":{"self":[{"href":"https:\/\/lespaniersdecha.fr\/index.php\/wp-json\/wp\/v2\/product\/3435","targetHints":{"allow":["GET"]}}],"collection":[{"href":"https:\/\/lespaniersdecha.fr\/index.php\/wp-json\/wp\/v2\/product"}],"about":[{"href":"https:\/\/lespaniersdecha.fr\/index.php\/wp-json\/wp\/v2\/types\/product"}],"wp:featuredmedia":[{"embeddable":true,"href":"https:\/\/lespaniersdecha.fr\/index.php\/wp-json\/wp\/v2\/media\/3433"}],"wp:attachment":[{"href":"https:\/\/lespaniersdecha.fr\/index.php\/wp-json\/wp\/v2\/media?parent=3435"}],"wp:term":[{"taxonomy":"product_brand","embeddable":true,"href":"https:\/\/lespaniersdecha.fr\/index.php\/wp-json\/wp\/v2\/product_brand?post=3435"},{"taxonomy":"product_cat","embeddable":true,"href":"https:\/\/lespaniersdecha.fr\/index.php\/wp-json\/wp\/v2\/product_cat?post=3435"},{"taxonomy":"product_tag","embeddable":true,"href":"https:\/\/lespaniersdecha.fr\/index.php\/wp-json\/wp\/v2\/product_tag?post=3435"}],"curies":[{"name":"wp","href":"https:\/\/api.w.org\/{rel}","templated":true}]}}