{"id":529,"date":"2024-06-26T15:36:51","date_gmt":"2024-06-26T13:36:51","guid":{"rendered":"https:\/\/lespaniersdecha.fr\/?page_id=529"},"modified":"2024-07-17T15:51:01","modified_gmt":"2024-07-17T13:51:01","slug":"mentions-legales","status":"publish","type":"page","link":"https:\/\/lespaniersdecha.fr\/index.php\/mentions-legales\/","title":{"rendered":"Mentions l\u00e9gales"},"content":{"rendered":"\t\t<div data-elementor-type=\"wp-page\" data-elementor-id=\"529\" class=\"elementor elementor-529\" data-elementor-post-type=\"page\">\n\t\t\t\t<div class=\"elementor-element elementor-element-09dd3a9 e-flex e-con-boxed e-con e-parent\" data-id=\"09dd3a9\" data-element_type=\"container\">\n\t\t\t\t\t<div class=\"e-con-inner\">\n\t\t\t\t<div class=\"elementor-element elementor-element-2417ac0 elementor-widget elementor-widget-heading\" data-id=\"2417ac0\" data-element_type=\"widget\" data-widget_type=\"heading.default\">\n\t\t\t\t<div class=\"elementor-widget-container\">\n\t\t\t<style>\/*! elementor - v3.22.0 - 17-06-2024 *\/\n.elementor-heading-title{padding:0;margin:0;line-height:1}.elementor-widget-heading .elementor-heading-title[class*=elementor-size-]>a{color:inherit;font-size:inherit;line-height:inherit}.elementor-widget-heading .elementor-heading-title.elementor-size-small{font-size:15px}.elementor-widget-heading .elementor-heading-title.elementor-size-medium{font-size:19px}.elementor-widget-heading .elementor-heading-title.elementor-size-large{font-size:29px}.elementor-widget-heading .elementor-heading-title.elementor-size-xl{font-size:39px}.elementor-widget-heading .elementor-heading-title.elementor-size-xxl{font-size:59px}<\/style><h2 class=\"elementor-heading-title elementor-size-default\">Mentions <b>l\u00e9gales<\/b><\/h2>\t\t<\/div>\n\t\t\t\t<\/div>\n\t\t\t\t\t<\/div>\n\t\t\t\t<\/div>\n\t\t<div class=\"elementor-element elementor-element-1501d6f e-flex e-con-boxed e-con e-parent\" data-id=\"1501d6f\" data-element_type=\"container\">\n\t\t\t\t\t<div class=\"e-con-inner\">\n\t\t\t\t<div class=\"elementor-element elementor-element-60682ae elementor-widget elementor-widget-text-editor\" data-id=\"60682ae\" data-element_type=\"widget\" data-widget_type=\"text-editor.default\">\n\t\t\t\t<div class=\"elementor-widget-container\">\n\t\t\t<style>\/*! elementor - v3.22.0 - 17-06-2024 *\/\n.elementor-widget-text-editor.elementor-drop-cap-view-stacked .elementor-drop-cap{background-color:#69727d;color:#fff}.elementor-widget-text-editor.elementor-drop-cap-view-framed .elementor-drop-cap{color:#69727d;border:3px solid;background-color:transparent}.elementor-widget-text-editor:not(.elementor-drop-cap-view-default) .elementor-drop-cap{margin-top:8px}.elementor-widget-text-editor:not(.elementor-drop-cap-view-default) .elementor-drop-cap-letter{width:1em;height:1em}.elementor-widget-text-editor .elementor-drop-cap{float:left;text-align:center;line-height:1;font-size:50px}.elementor-widget-text-editor .elementor-drop-cap-letter{display:inline-block}<\/style>\t\t\t\t<p><b>Editeur du site<\/b><\/p>\n<p>Le site http:\/\/lespaniersdecha.fr est \u00e9dit\u00e9 par :<\/p>\n<p>Nom de l\u2019entreprise : <b>Les Paniers de Cha (EI) Charl\u00e8ne Lejeune<\/b><br>Adresse de l\u2019entreprise : <b>6 Rue du Parc, 25480 \u00c9cole-Valentin<\/b><br>Num\u00e9ro de t\u00e9l\u00e9phone : <b>07 81 54 38 81<\/b><br>Adresse e-mail : <strong>lespaniersdecha@gmail.com<\/strong><\/p>\n<p><b><span style=\"font-style: inherit; color: var( --e-global-color-text ); font-family: var( --e-global-typography-text-font-family ), Sans-serif; text-align: var(--text-align); background-color: var( --e-global-color-4b3df57 );\">Directeur de la publication<\/span><br><\/b><\/p>\n<p>Nom : <b>Charl\u00e8ne Lejeune<\/b><br>Fonction : <b>Directrice de la publication<\/b><\/p>\n<p><b>Conception et r\u00e9alisation du site<br><\/b><span style=\"background-color: var( --e-global-color-4b3df57 ); color: var( --e-global-color-text ); font-family: var( --e-global-typography-text-font-family ), Sans-serif; font-style: inherit; font-weight: inherit; text-align: var(--text-align);\"><br>Le site a \u00e9t\u00e9 con\u00e7u et r\u00e9alis\u00e9 par :<\/span><\/p>\n<p>Nom : <b>Pawel Szoltysek<\/b><br>Entreprise : <b>PS Design (EI)<\/b><br>Adresse : <b>www.psdesign.fr<\/b><br>Num\u00e9ro de t\u00e9l\u00e9phone :<b> 06 20 54 51 03<\/b><\/p>\n<p><b>H\u00e9bergement du site<\/b><\/p>\n<p>Le site est h\u00e9berg\u00e9 par :<\/p>\n<p>Nom de l\u2019h\u00e9bergeur : <b>OVH<\/b><br>Si\u00e8ge social : 2 rue Kellermann, 59100 Roubaix, France<br>T\u00e9l\u00e9phone : 1007<br>Site web : https:\/\/www.ovh.com<\/p>\n<p><b>Protection des donn\u00e9es personnelles<\/b><\/p>\n<p>Conform\u00e9ment \u00e0 la loi Informatique et Libert\u00e9s du 6 janvier 1978 et au R\u00e8glement G\u00e9n\u00e9ral sur la Protection des Donn\u00e9es (RGPD), vous disposez d\u2019un droit d\u2019acc\u00e8s, de rectification et de suppression des donn\u00e9es qui vous concernent. Pour exercer ce droit, vous pouvez nous contacter \u00e0 l\u2019adresse suivante : [Votre adresse e-mail].<\/p>\n<p><b>Propri\u00e9t\u00e9 intellectuelle<\/b><\/p>\n<p>Tous les contenus pr\u00e9sents sur le site http:\/\/lespaniersdecha.fr, incluant, de fa\u00e7on non limitative, les graphismes, images, textes, vid\u00e9os, animations, sons, logos, gifs et ic\u00f4nes ainsi que leur mise en forme sont la propri\u00e9t\u00e9 exclusive de Les Paniers de Cha EI Charl\u00e8ne Lejeune \u00e0 l&rsquo;exception des marques, logos ou contenus appartenant \u00e0 d&rsquo;autres soci\u00e9t\u00e9s partenaires ou auteurs.<\/p>\n<p><b>Responsabilit\u00e9<\/b><\/p>\n<p>Les Paniers de Cha EI Charl\u00e8ne Lejeune ne saurait \u00eatre tenu pour responsable des erreurs rencontr\u00e9es sur le site, des probl\u00e8mes techniques, d&rsquo;interpr\u00e9tation des informations publi\u00e9es et des cons\u00e9quences de leur utilisation. En cons\u00e9quence, l&rsquo;utilisateur reconna\u00eet utiliser ces informations sous sa responsabilit\u00e9 exclusive.<\/p>\n<p><b>Liens hypertextes<\/b><\/p>\n<p>Les liens hypertextes pr\u00e9sents sur le site orientant les utilisateurs vers d&rsquo;autres sites internet n&rsquo;engagent pas la responsabilit\u00e9 de Les Paniers de Cha EI Charl\u00e8ne Lejeune quant au contenu de ces sites.<\/p>\n<p><b>Mise \u00e0 jour des mentions l\u00e9gales<\/b><\/p>\n<p>Les Paniers de Cha EI Charl\u00e8ne Lejeune se r\u00e9serve le droit de modifier les pr\u00e9sentes mentions l\u00e9gales \u00e0 tout moment. L&rsquo;utilisateur s&rsquo;engage donc \u00e0 les consulter r\u00e9guli\u00e8rement.<\/p>\n<p>Pour toute question, vous pouvez nous contacter \u00e0 l\u2019adresse suivante : <b><i>lespaniersdecha@gmail.com<\/i><\/b><\/p>\n<p>Pour plus d&rsquo;informations sur l&rsquo;h\u00e9bergeur OVH, vous pouvez visiter leur site officiel.<\/p>\n<p><\/p>\t\t\t\t\t\t<\/div>\n\t\t\t\t<\/div>\n\t\t\t\t\t<\/div>\n\t\t\t\t<\/div>\n\t\t\t\t<\/div>\n\t\t","protected":false},"excerpt":{"rendered":"<p>Mentions l\u00e9gales Editeur du site Le site http:\/\/lespaniersdecha.fr est \u00e9dit\u00e9 par : Nom de l\u2019entreprise : Les Paniers de Cha (EI) Charl\u00e8ne LejeuneAdresse de l\u2019entreprise : 6 Rue du Parc, 25480 \u00c9cole-ValentinNum\u00e9ro de t\u00e9l\u00e9phone : 07 81 54 38 81Adresse e-mail : lespaniersdecha@gmail.com Directeur de la publication Nom : Charl\u00e8ne LejeuneFonction : Directrice de la [&hellip;]<\/p>\n","protected":false},"author":1,"featured_media":0,"parent":0,"menu_order":0,"comment_status":"closed","ping_status":"closed","template":"","meta":{"site-sidebar-layout":"no-sidebar","site-content-layout":"","ast-site-content-layout":"full-width-container","site-content-style":"default","site-sidebar-style":"default","ast-global-header-display":"","ast-banner-title-visibility":"","ast-main-header-display":"","ast-hfb-above-header-display":"","ast-hfb-below-header-display":"","ast-hfb-mobile-header-display":"","site-post-title":"disabled","ast-breadcrumbs-content":"","ast-featured-img":"disabled","footer-sml-layout":"","theme-transparent-header-meta":"","adv-header-id-meta":"","stick-header-meta":"","header-above-stick-meta":"","header-main-stick-meta":"","header-below-stick-meta":"","astra-migrate-meta-layouts":"default","ast-page-background-enabled":"default","ast-page-background-meta":{"desktop":{"background-color":"var(--ast-global-color-4)","background-image":"","background-repeat":"repeat","background-position":"center center","background-size":"auto","background-attachment":"scroll","background-type":"","background-media":"","overlay-type":"","overlay-color":"","overlay-opacity":"","overlay-gradient":""},"tablet":{"background-color":"","background-image":"","background-repeat":"repeat","background-position":"center center","background-size":"auto","background-attachment":"scroll","background-type":"","background-media":"","overlay-type":"","overlay-color":"","overlay-opacity":"","overlay-gradient":""},"mobile":{"background-color":"","background-image":"","background-repeat":"repeat","background-position":"center center","background-size":"auto","background-attachment":"scroll","background-type":"","background-media":"","overlay-type":"","overlay-color":"","overlay-opacity":"","overlay-gradient":""}},"ast-content-background-meta":{"desktop":{"background-color":"var(--ast-global-color-5)","background-image":"","background-repeat":"repeat","background-position":"center center","background-size":"auto","background-attachment":"scroll","background-type":"","background-media":"","overlay-type":"","overlay-color":"","overlay-opacity":"","overlay-gradient":""},"tablet":{"background-color":"var(--ast-global-color-5)","background-image":"","background-repeat":"repeat","background-position":"center center","background-size":"auto","background-attachment":"scroll","background-type":"","background-media":"","overlay-type":"","overlay-color":"","overlay-opacity":"","overlay-gradient":""},"mobile":{"background-color":"var(--ast-global-color-5)","background-image":"","background-repeat":"repeat","background-position":"center center","background-size":"auto","background-attachment":"scroll","background-type":"","background-media":"","overlay-type":"","overlay-color":"","overlay-opacity":"","overlay-gradient":""}},"footnotes":""},"class_list":["post-529","page","type-page","status-publish","hentry"],"yoast_head":"<!-- This site is optimized with the Yoast SEO plugin v23.3 - https:\/\/yoast.com\/wordpress\/plugins\/seo\/ -->\n<title>Mentions l\u00e9gales - Les Paniers de Cha<\/title>\n<meta name=\"robots\" content=\"index, follow, max-snippet:-1, max-image-preview:large, max-video-preview:-1\" \/>\n<link rel=\"canonical\" href=\"https:\/\/lespaniersdecha.fr\/index.php\/mentions-legales\/\" \/>\n<meta property=\"og:locale\" content=\"fr_FR\" \/>\n<meta property=\"og:type\" content=\"article\" \/>\n<meta property=\"og:title\" content=\"Mentions l\u00e9gales - Les Paniers de Cha\" \/>\n<meta property=\"og:description\" content=\"Mentions l\u00e9gales Editeur du site Le site http:\/\/lespaniersdecha.fr est \u00e9dit\u00e9 par : Nom de l\u2019entreprise : Les Paniers de Cha (EI) Charl\u00e8ne LejeuneAdresse de l\u2019entreprise : 6 Rue du Parc, 25480 \u00c9cole-ValentinNum\u00e9ro de t\u00e9l\u00e9phone : 07 81 54 38 81Adresse e-mail : lespaniersdecha@gmail.com Directeur de la publication Nom : Charl\u00e8ne LejeuneFonction : Directrice de la [&hellip;]\" \/>\n<meta property=\"og:url\" content=\"https:\/\/lespaniersdecha.fr\/index.php\/mentions-legales\/\" \/>\n<meta property=\"og:site_name\" content=\"Les Paniers de Cha\" \/>\n<meta property=\"article:publisher\" content=\"https:\/\/www.facebook.com\/p\/Les-Paniers-de-Cha-100063830760896\/\" \/>\n<meta property=\"article:modified_time\" content=\"2024-07-17T13:51:01+00:00\" \/>\n<meta name=\"twitter:card\" content=\"summary_large_image\" \/>\n<meta name=\"twitter:label1\" content=\"Dur\u00e9e de lecture estim\u00e9e\" \/>\n\t<meta name=\"twitter:data1\" content=\"2 minutes\" \/>\n<script type=\"application\/ld+json\" class=\"yoast-schema-graph\">{\"@context\":\"https:\/\/schema.org\",\"@graph\":[{\"@type\":\"WebPage\",\"@id\":\"https:\/\/lespaniersdecha.fr\/index.php\/mentions-legales\/\",\"url\":\"https:\/\/lespaniersdecha.fr\/index.php\/mentions-legales\/\",\"name\":\"Mentions l\u00e9gales - Les Paniers de Cha\",\"isPartOf\":{\"@id\":\"https:\/\/lespaniersdecha.fr\/#website\"},\"datePublished\":\"2024-06-26T13:36:51+00:00\",\"dateModified\":\"2024-07-17T13:51:01+00:00\",\"breadcrumb\":{\"@id\":\"https:\/\/lespaniersdecha.fr\/index.php\/mentions-legales\/#breadcrumb\"},\"inLanguage\":\"fr-FR\",\"potentialAction\":[{\"@type\":\"ReadAction\",\"target\":[\"https:\/\/lespaniersdecha.fr\/index.php\/mentions-legales\/\"]}]},{\"@type\":\"BreadcrumbList\",\"@id\":\"https:\/\/lespaniersdecha.fr\/index.php\/mentions-legales\/#breadcrumb\",\"itemListElement\":[{\"@type\":\"ListItem\",\"position\":1,\"name\":\"Accueil\",\"item\":\"https:\/\/lespaniersdecha.fr\/\"},{\"@type\":\"ListItem\",\"position\":2,\"name\":\"Mentions l\u00e9gales\"}]},{\"@type\":\"WebSite\",\"@id\":\"https:\/\/lespaniersdecha.fr\/#website\",\"url\":\"https:\/\/lespaniersdecha.fr\/\",\"name\":\"Les Paniers de Cha\",\"description\":\"Les Paniers de Cha - vannerie artisanale, traditionnelle et contemporaine, stage et ateliers\",\"potentialAction\":[{\"@type\":\"SearchAction\",\"target\":{\"@type\":\"EntryPoint\",\"urlTemplate\":\"https:\/\/lespaniersdecha.fr\/?s={search_term_string}\"},\"query-input\":\"required name=search_term_string\"}],\"inLanguage\":\"fr-FR\"}]}<\/script>\n<!-- \/ Yoast SEO plugin. -->","yoast_head_json":{"title":"Mentions l\u00e9gales - Les Paniers de Cha","robots":{"index":"index","follow":"follow","max-snippet":"max-snippet:-1","max-image-preview":"max-image-preview:large","max-video-preview":"max-video-preview:-1"},"canonical":"https:\/\/lespaniersdecha.fr\/index.php\/mentions-legales\/","og_locale":"fr_FR","og_type":"article","og_title":"Mentions l\u00e9gales - Les Paniers de Cha","og_description":"Mentions l\u00e9gales Editeur du site Le site http:\/\/lespaniersdecha.fr est \u00e9dit\u00e9 par : Nom de l\u2019entreprise : Les Paniers de Cha (EI) Charl\u00e8ne LejeuneAdresse de l\u2019entreprise : 6 Rue du Parc, 25480 \u00c9cole-ValentinNum\u00e9ro de t\u00e9l\u00e9phone : 07 81 54 38 81Adresse e-mail : lespaniersdecha@gmail.com Directeur de la publication Nom : Charl\u00e8ne LejeuneFonction : Directrice de la [&hellip;]","og_url":"https:\/\/lespaniersdecha.fr\/index.php\/mentions-legales\/","og_site_name":"Les Paniers de Cha","article_publisher":"https:\/\/www.facebook.com\/p\/Les-Paniers-de-Cha-100063830760896\/","article_modified_time":"2024-07-17T13:51:01+00:00","twitter_card":"summary_large_image","twitter_misc":{"Dur\u00e9e de lecture estim\u00e9e":"2 minutes"},"schema":{"@context":"https:\/\/schema.org","@graph":[{"@type":"WebPage","@id":"https:\/\/lespaniersdecha.fr\/index.php\/mentions-legales\/","url":"https:\/\/lespaniersdecha.fr\/index.php\/mentions-legales\/","name":"Mentions l\u00e9gales - Les Paniers de Cha","isPartOf":{"@id":"https:\/\/lespaniersdecha.fr\/#website"},"datePublished":"2024-06-26T13:36:51+00:00","dateModified":"2024-07-17T13:51:01+00:00","breadcrumb":{"@id":"https:\/\/lespaniersdecha.fr\/index.php\/mentions-legales\/#breadcrumb"},"inLanguage":"fr-FR","potentialAction":[{"@type":"ReadAction","target":["https:\/\/lespaniersdecha.fr\/index.php\/mentions-legales\/"]}]},{"@type":"BreadcrumbList","@id":"https:\/\/lespaniersdecha.fr\/index.php\/mentions-legales\/#breadcrumb","itemListElement":[{"@type":"ListItem","position":1,"name":"Accueil","item":"https:\/\/lespaniersdecha.fr\/"},{"@type":"ListItem","position":2,"name":"Mentions l\u00e9gales"}]},{"@type":"WebSite","@id":"https:\/\/lespaniersdecha.fr\/#website","url":"https:\/\/lespaniersdecha.fr\/","name":"Les Paniers de Cha","description":"Les Paniers de Cha - vannerie artisanale, traditionnelle et contemporaine, stage et ateliers","potentialAction":[{"@type":"SearchAction","target":{"@type":"EntryPoint","urlTemplate":"https:\/\/lespaniersdecha.fr\/?s={search_term_string}"},"query-input":"required name=search_term_string"}],"inLanguage":"fr-FR"}]}},"jetpack_sharing_enabled":true,"_links":{"self":[{"href":"https:\/\/lespaniersdecha.fr\/index.php\/wp-json\/wp\/v2\/pages\/529","targetHints":{"allow":["GET"]}}],"collection":[{"href":"https:\/\/lespaniersdecha.fr\/index.php\/wp-json\/wp\/v2\/pages"}],"about":[{"href":"https:\/\/lespaniersdecha.fr\/index.php\/wp-json\/wp\/v2\/types\/page"}],"author":[{"embeddable":true,"href":"https:\/\/lespaniersdecha.fr\/index.php\/wp-json\/wp\/v2\/users\/1"}],"replies":[{"embeddable":true,"href":"https:\/\/lespaniersdecha.fr\/index.php\/wp-json\/wp\/v2\/comments?post=529"}],"version-history":[{"count":19,"href":"https:\/\/lespaniersdecha.fr\/index.php\/wp-json\/wp\/v2\/pages\/529\/revisions"}],"predecessor-version":[{"id":2315,"href":"https:\/\/lespaniersdecha.fr\/index.php\/wp-json\/wp\/v2\/pages\/529\/revisions\/2315"}],"wp:attachment":[{"href":"https:\/\/lespaniersdecha.fr\/index.php\/wp-json\/wp\/v2\/media?parent=529"}],"curies":[{"name":"wp","href":"https:\/\/api.w.org\/{rel}","templated":true}]}}